{"id":1311,"date":"2023-06-29T07:50:12","date_gmt":"2023-06-29T07:50:12","guid":{"rendered":"https:\/\/demosites.io\/online-course-2-gb\/?page_id=4"},"modified":"2025-07-26T17:47:11","modified_gmt":"2025-07-26T17:47:11","slug":"ec3e5-homepage","status":"publish","type":"page","link":"https:\/\/www.zamobra.com\/","title":{"rendered":"Accueil  \ud83c\uddeb\ud83c\uddf7"},"content":{"rendered":"\n<div id=\"wp-block-themeisle-blocks-advanced-columns-35825447\" class=\"wp-block-themeisle-blocks-advanced-columns alignfull has-2-columns has-desktop-equal-layout has-tablet-equal-layout has-mobile-collapsedRows-layout has-vertical-unset has-vertical-undefined ticss-c00aadba  has-dark-bg\"><div class=\"wp-block-themeisle-blocks-advanced-columns-overlay\"><\/div><div class=\"innerblocks-wrap\">\n<div id=\"wp-block-themeisle-blocks-advanced-column-ed1b12ac\" class=\"wp-block-themeisle-blocks-advanced-column\">\n<h1 id=\"wp-block-themeisle-blocks-advanced-heading-8f3ca166\" class=\"wp-block-themeisle-blocks-advanced-heading wp-block-themeisle-blocks-advanced-heading-8f3ca166\">ZaMoBrA \u2013 L\u2019Art de l\u2019\u00c9v\u00e9nementiel d\u2019Excellence <\/h1>\n\n\n\n<p class=\"has-neve-text-color-color has-text-color has-link-color wp-elements-27bcf1a6639f6d1fd21da137620df798\">ZAMOBRA orchestre des exp\u00e9riences inoubliables pour une client\u00e8le d\u2019exception<\/p>\n<\/div>\n\n\n\n<div id=\"wp-block-themeisle-blocks-advanced-column-fedc9d47\" class=\"wp-block-themeisle-blocks-advanced-column\">\n<figure class=\"wp-block-image size-full has-custom-border is-style-rounded wp-duotone-magenta-yellow\"><img loading=\"lazy\" decoding=\"async\" width=\"693\" height=\"924\" src=\"https:\/\/www.zamobra.com\/wp-content\/uploads\/2025\/07\/pattern-1.png\" alt=\"\" class=\"wp-image-1323\" style=\"border-width:9px\" srcset=\"https:\/\/www.zamobra.com\/wp-content\/uploads\/2025\/07\/pattern-1.png 693w, https:\/\/www.zamobra.com\/wp-content\/uploads\/2025\/07\/pattern-1-225x300.png 225w\" sizes=\"auto, (max-width: 693px) 100vw, 693px\" \/><\/figure>\n<\/div>\n<\/div><\/div>\n\n\n\n<div id=\"wp-block-themeisle-blocks-advanced-columns-d2635eab\" class=\"wp-block-themeisle-blocks-advanced-columns alignfull has-1-columns has-desktop-equal-layout has-tablet-equal-layout has-mobile-equal-layout has-vertical-top ticss-c00aadba has-light-bg\"><div class=\"wp-block-themeisle-blocks-advanced-columns-overlay\"><\/div><div class=\"innerblocks-wrap\">\n<div id=\"wp-block-themeisle-blocks-advanced-column-ea611d64\" class=\"wp-block-themeisle-blocks-advanced-column\">\n<h2 class=\"wp-block-heading has-text-align-center has-nv-c-2-color has-text-color has-link-color wp-elements-9615094700c1d950cb0f33bd40fff180\">Notre signature ? Un raffinement absolu, un<br>sens du d\u00e9tail in\u00e9gal\u00e9 et une ma\u00eetrise<br>parfaite de la sc\u00e9nographie \u00e9v\u00e9nementielle.<\/h2>\n<\/div>\n<\/div><\/div>\n\n\n\n<section id=\"wp-block-themeisle-blocks-advanced-columns-d8126868\" class=\"wp-block-themeisle-blocks-advanced-columns alignfull has-1-columns has-desktop-equal-layout has-tablet-equal-layout has-mobile-equal-layout has-vertical-flex-start\"><div class=\"wp-block-themeisle-blocks-advanced-columns-overlay\"><\/div><div class=\"innerblocks-wrap\">\n<div id=\"wp-block-themeisle-blocks-advanced-column-28cbad49\" class=\"wp-block-themeisle-blocks-advanced-column\">\n<section id=\"wp-block-themeisle-blocks-advanced-columns-3419db0c\" class=\"wp-block-themeisle-blocks-advanced-columns has-1-columns has-desktop-equal-layout has-tablet-equal-layout has-mobile-collapsedRows-layout has-vertical-flex-start\"><div class=\"wp-block-themeisle-blocks-advanced-columns-overlay\"><\/div><div class=\"innerblocks-wrap\">\n<div id=\"wp-block-themeisle-blocks-advanced-column-743a19df\" class=\"wp-block-themeisle-blocks-advanced-column\"><\/div>\n<\/div><\/section>\n<\/div>\n<\/div><\/section>\n\n\n\n<div id=\"wp-block-themeisle-blocks-advanced-columns-86a10f83\" class=\"wp-block-themeisle-blocks-advanced-columns alignfull has-1-columns has-desktop-equal-layout has-tablet-equal-layout has-mobile-collapsedRows-layout has-vertical-top ticss-c00aadba\"><div class=\"wp-block-themeisle-blocks-advanced-columns-overlay\"><\/div><div class=\"innerblocks-wrap\">\n<div id=\"wp-block-themeisle-blocks-advanced-column-5eb878a0\" class=\"wp-block-themeisle-blocks-advanced-column\">\n<div id=\"wp-block-themeisle-blocks-advanced-columns-611e2bd4\" class=\"wp-block-themeisle-blocks-advanced-columns has-2-columns has-desktop-equal-layout has-tablet-oneTwo-layout has-mobile-collapsedRows-layout has-vertical-center has-light-bg\"><div class=\"wp-block-themeisle-blocks-advanced-columns-overlay\"><\/div><div class=\"innerblocks-wrap\">\n<div id=\"wp-block-themeisle-blocks-advanced-column-e94302be\" class=\"wp-block-themeisle-blocks-advanced-column\">\n<figure class=\"wp-block-image size-large has-custom-border wp-duotone-unset-1\"><img loading=\"lazy\" decoding=\"async\" width=\"1024\" height=\"682\" src=\"https:\/\/www.zamobra.com\/wp-content\/uploads\/2025\/07\/2151019978-1024x682.jpg\" alt=\"\" class=\"wp-image-1393\" style=\"border-radius:24px\" srcset=\"https:\/\/www.zamobra.com\/wp-content\/uploads\/2025\/07\/2151019978-1024x682.jpg 1024w, https:\/\/www.zamobra.com\/wp-content\/uploads\/2025\/07\/2151019978-300x200.jpg 300w, https:\/\/www.zamobra.com\/wp-content\/uploads\/2025\/07\/2151019978-768x512.jpg 768w, https:\/\/www.zamobra.com\/wp-content\/uploads\/2025\/07\/2151019978-1536x1024.jpg 1536w, https:\/\/www.zamobra.com\/wp-content\/uploads\/2025\/07\/2151019978-930x620.jpg 930w, https:\/\/www.zamobra.com\/wp-content\/uploads\/2025\/07\/2151019978.jpg 2000w\" sizes=\"auto, (max-width: 1024px) 100vw, 1024px\" \/><\/figure>\n<\/div>\n\n\n\n<div id=\"wp-block-themeisle-blocks-advanced-column-ebdeab13\" class=\"wp-block-themeisle-blocks-advanced-column\">\n<h2 id=\"wp-block-themeisle-blocks-advanced-heading-b74d11be\" class=\"wp-block-themeisle-blocks-advanced-heading wp-block-themeisle-blocks-advanced-heading-b74d11be\">L\u2019art ne se d\u00e9voile jamais par hasard\u2026<\/h2>\n\n\n\n<p>De l\u2019\u0153uvre \u00e0 l\u2019\u00e9v\u00e9nement, nous fa\u00e7onnons<br>des exp\u00e9riences sensorielles o\u00f9 chaque<br>d\u00e9tail sublime l\u2019intention artistique.<br>Vernissages confidentiels, lancements de<br>collections, performances immersives \u2014<br>nous orchestrons des rendez-vous uniques,<br>l\u00e0 o\u00f9 le raffinement rencontre l\u2019audace.<\/p>\n<\/div>\n<\/div><\/div>\n<\/div>\n<\/div><\/div>\n\n\n\n<div id=\"wp-block-themeisle-blocks-advanced-columns-944ca3b7\" class=\"wp-block-themeisle-blocks-advanced-columns alignfull has-1-columns has-desktop-equal-layout has-tablet-equal-layout hide-in-mobile has-vertical-center ticss-c00aadba\"><div class=\"wp-block-themeisle-blocks-advanced-columns-overlay\"><\/div><div class=\"innerblocks-wrap\">\n<div id=\"wp-block-themeisle-blocks-advanced-column-3009e276\" class=\"wp-block-themeisle-blocks-advanced-column\">\n<div id=\"wp-block-themeisle-blocks-advanced-columns-295cfd0d\" class=\"wp-block-themeisle-blocks-advanced-columns has-1-columns has-desktop-equal-layout has-tablet-equal-layout has-mobile-equal-layout has-vertical-center\"><div class=\"wp-block-themeisle-blocks-advanced-columns-overlay\"><\/div><div class=\"innerblocks-wrap\">\n<div id=\"wp-block-themeisle-blocks-advanced-column-6941750d\" class=\"wp-block-themeisle-blocks-advanced-column\">\n<h2 id=\"wp-block-themeisle-blocks-advanced-heading-379221f6\" class=\"wp-block-themeisle-blocks-advanced-heading wp-block-themeisle-blocks-advanced-heading-379221f6 has-light-bg\">ZAMOBRA, l\u00e0 o\u00f9 l\u2019art vit sa plus belle mise en sc\u00e8ne.<\/h2>\n\n\n\n<p class=\"has-text-align-center has-neve-text-color-color has-nv-light-bg-background-color has-text-color has-background has-link-color wp-elements-d6e120c719321217b1d9eb2943ca875b\" style=\"border-radius:17px\">Cr\u00e9er l\u2019inoubliable, sublimer l\u2019instant.<br>Chez ZAMOBRA, chaque \u00e9v\u00e9nement devient un manifeste d\u2019 \u00e9l\u00e9gance.<\/p>\n<\/div>\n<\/div><\/div>\n<\/div>\n<\/div><\/div>\n\n\n\n<div class=\"wp-block-cover alignfull\"><span aria-hidden=\"true\" class=\"wp-block-cover__background has-nv-light-bg-background-color has-background-dim-100 has-background-dim\"><\/span><div class=\"wp-block-cover__inner-container is-layout-constrained wp-block-cover-is-layout-constrained\">\n<section id=\"services\" class=\"wp-block-themeisle-blocks-advanced-columns alignwide has-1-columns has-desktop-equal-layout has-tablet-equal-layout has-mobile-equal-layout has-vertical-flex-start\"><div class=\"wp-block-themeisle-blocks-advanced-columns-overlay\"><\/div><div class=\"innerblocks-wrap\">\n<div id=\"wp-block-themeisle-blocks-advanced-column-9642dc3f\" class=\"wp-block-themeisle-blocks-advanced-column\">\n<section id=\"wp-block-themeisle-blocks-advanced-columns-62d68e08\" class=\"wp-block-themeisle-blocks-advanced-columns has-1-columns has-desktop-equal-layout has-tablet-equal-layout has-mobile-equal-layout has-vertical-flex-start\"><div class=\"wp-block-themeisle-blocks-advanced-columns-overlay\"><\/div><div class=\"innerblocks-wrap\">\n<div id=\"wp-block-themeisle-blocks-advanced-column-ba020b38\" class=\"wp-block-themeisle-blocks-advanced-column\">\n<h3 class=\"wp-block-heading has-text-align-center has-white-color has-text-color\">ZAMOBRA \u2013 L\u2019art de magnifier vos instants d\u2019exception \u00c9v\u00e9nementiel de prestige \u00b7 Sc\u00e9nographies sur mesure \u00b7 Moments inoubliables<\/h3>\n\n\n\n<p class=\"has-text-align-center\"><\/p>\n\n\n\n<div class=\"wp-block-buttons is-content-justification-center is-layout-flex wp-container-core-buttons-is-layout-16018d1d wp-block-buttons-is-layout-flex\">\n<div class=\"wp-block-button is-style-secondary\"><a class=\"wp-block-button__link has-nv-c-2-color has-text-color has-background has-link-color wp-element-button\" href=\"https:\/\/www.zamobra.com\/index.php\/contact\/\" style=\"border-radius:100px;background-color:#ffffff\">Contactez-nous<\/a><\/div>\n<\/div>\n<\/div>\n<\/div><\/section>\n<\/div>\n<\/div><\/section>\n<\/div><\/div>\n\n\n\n<div style=\"height:100px\" aria-hidden=\"true\" class=\"wp-block-spacer\"><\/div>\n\n\n<div class=\"wp-block-image\">\n<figure class=\"aligncenter size-full is-resized\"><img loading=\"lazy\" decoding=\"async\" width=\"376\" height=\"312\" src=\"https:\/\/www.zamobra.com\/wp-content\/uploads\/2025\/07\/logo01-2.png\" alt=\"\" class=\"wp-image-1466\" style=\"width:142px;height:auto\" srcset=\"https:\/\/www.zamobra.com\/wp-content\/uploads\/2025\/07\/logo01-2.png 376w, https:\/\/www.zamobra.com\/wp-content\/uploads\/2025\/07\/logo01-2-300x249.png 300w\" sizes=\"auto, (max-width: 376px) 100vw, 376px\" \/><\/figure>\n<\/div>\n\n\n<p><\/p>\n","protected":false},"excerpt":{"rendered":"","protected":false},"author":1,"featured_media":0,"parent":0,"menu_order":0,"comment_status":"closed","ping_status":"closed","template":"page-templates\/template-pagebuilder-full-width.php","meta":{"neve_meta_sidebar":"","neve_meta_container":"","neve_meta_enable_content_width":"","neve_meta_content_width":0,"neve_meta_title_alignment":"","neve_meta_author_avatar":"","neve_post_elements_order":"","neve_meta_disable_header":"","neve_meta_disable_footer":"","neve_meta_disable_title":"on","_themeisle_gutenberg_block_has_review":false,"footnotes":""},"class_list":["post-1311","page","type-page","status-publish","hentry"],"_links":{"self":[{"href":"https:\/\/www.zamobra.com\/index.php\/wp-json\/wp\/v2\/pages\/1311","targetHints":{"allow":["GET"]}}],"collection":[{"href":"https:\/\/www.zamobra.com\/index.php\/wp-json\/wp\/v2\/pages"}],"about":[{"href":"https:\/\/www.zamobra.com\/index.php\/wp-json\/wp\/v2\/types\/page"}],"author":[{"embeddable":true,"href":"https:\/\/www.zamobra.com\/index.php\/wp-json\/wp\/v2\/users\/1"}],"replies":[{"embeddable":true,"href":"https:\/\/www.zamobra.com\/index.php\/wp-json\/wp\/v2\/comments?post=1311"}],"version-history":[{"count":30,"href":"https:\/\/www.zamobra.com\/index.php\/wp-json\/wp\/v2\/pages\/1311\/revisions"}],"predecessor-version":[{"id":1475,"href":"https:\/\/www.zamobra.com\/index.php\/wp-json\/wp\/v2\/pages\/1311\/revisions\/1475"}],"wp:attachment":[{"href":"https:\/\/www.zamobra.com\/index.php\/wp-json\/wp\/v2\/media?parent=1311"}],"curies":[{"name":"wp","href":"https:\/\/api.w.org\/{rel}","templated":true}]}}